{"id":3,"date":"2022-03-10T20:01:07","date_gmt":"2022-03-10T20:01:07","guid":{"rendered":"https:\/\/psmmexico.mx\/?page_id=3"},"modified":"2023-01-30T02:10:31","modified_gmt":"2023-01-30T08:10:31","slug":"politica-privacidad","status":"publish","type":"page","link":"https:\/\/psmmexico.mx\/eng\/politica-privacidad\/","title":{"rendered":"Polit\u00edca de Privacidad"},"content":{"rendered":"<div class=\"fusion-fullwidth fullwidth-box fusion-builder-row-1 fusion-flex-container nonhundred-percent-fullwidth non-hundred-percent-height-scrolling\" style=\"--awb-border-radius-top-left:0px;--awb-border-radius-top-right:0px;--awb-border-radius-bottom-right:0px;--awb-border-radius-bottom-left:0px;\" ><div class=\"fusion-builder-row fusion-row fusion-flex-align-items-flex-start\" style=\"max-width:calc( 1200px + 80px );margin-left: calc(-80px \/ 2 );margin-right: calc(-80px \/ 2 );\"><div class=\"fusion-layout-column fusion_builder_column fusion-builder-column-0 fusion_builder_column_1_1 1_1 fusion-flex-column\" style=\"--awb-bg-size:cover;--awb-width-large:100%;--awb-margin-top-large:0px;--awb-spacing-right-large:40px;--awb-margin-bottom-large:0px;--awb-spacing-left-large:40px;--awb-width-medium:100%;--awb-spacing-right-medium:40px;--awb-spacing-left-medium:40px;--awb-width-small:100%;--awb-spacing-right-small:40px;--awb-spacing-left-small:40px;\"><div class=\"fusion-column-wrapper fusion-flex-justify-content-flex-start fusion-content-layout-column\"><div class=\"fusion-text fusion-text-1\"><\/p>\n<h2 data-fontsize=\"40\" data-lineheight=\"48px\" class=\"fusion-responsive-typography-calculated wp-block-heading\" style=\"--fontSize:40; line-height: 1.2;\">Progressive Stamping de M\u00e9xico, S. de R.L. de C.V.<\/h2>\n<\/p>\n<h3><strong class=\"privacy-policy-tutorial\">1. Informaci\u00f3n general e informaci\u00f3n obligatoria.<\/strong><\/h3>\n<p>Los operadores de estas p\u00e1ginas se toman muy en serio la protecci\u00f3n de sus datos personales. Tratamos sus datos personales de forma confidencial y de acuerdo con las normas legales de protecci\u00f3n de datos y esta declaraci\u00f3n de protecci\u00f3n de datos.<\/p>\n<p>Cuando utiliza este sitio web, se recopilan varios datos personales. Los datos personales son datos con los que se le puede identificar personalmente. Esta Pol\u00edtica de privacidad explica qu\u00e9 informaci\u00f3n recopilamos y para qu\u00e9 la usamos. Tambi\u00e9n explica c\u00f3mo y con qu\u00e9 prop\u00f3sito se hace esto.<\/p>\n<p>Nos gustar\u00eda se\u00f1alar que la transmisi\u00f3n de datos a trav\u00e9s de Internet (por ejemplo, cuando se comunica por correo electr\u00f3nico) puede tener brechas de seguridad. No es posible una protecci\u00f3n completa de los datos contra el acceso de terceros.<\/p>\n<\/p>\n<h4 class=\"wp-block-heading\" style=\"--fontSize:40; line-height: 1.2;\">Revocaci\u00f3n de su consentimiento para el procesamiento de datos<\/h4>\n<\/p>\n<p>Muchas operaciones de procesamiento de datos solo son posibles con su consentimiento expreso. Puede revocar su consentimiento en cualquier momento. Para este prop\u00f3sito, un mensaje informal por correo electr\u00f3nico es suficiente. La legalidad del procesamiento de datos realizado hasta la revocaci\u00f3n no se ve afectada por la revocaci\u00f3n. datos.personales@psmmexico.mx<\/p>\n<h4>Derecho a presentar una reclamaci\u00f3n ante la autoridad de control competente<\/h4>\n<p>En caso de violaciones de la ley de protecci\u00f3n de datos, el interesado tiene derecho a presentar una queja ante la autoridad supervisora competente. La autoridad supervisora competente para cuestiones de protecci\u00f3n de datos es el oficial estatal de protecci\u00f3n de datos del estado federal en el que se encuentra nuestra empresa. Puede encontrar una lista de los delegados de protecci\u00f3n de datos y sus datos de contacto en el siguiente enlace: https:\/\/home.inai.org.mx\/<\/p>\n<h4>Cifrado SSL o TLS<\/h4>\n<p>Este sitio utiliza cifrado SSL o TLS por razones de seguridad y para proteger la transmisi\u00f3n de contenido confidencial, como pedidos o consultas que nos env\u00eda como operador del sitio. Puede reconocer una conexi\u00f3n cifrada por el hecho de que la l\u00ednea de direcci\u00f3n del navegador cambia de http:\/\/ a https:\/\/ y por el s\u00edmbolo de candado en la l\u00ednea de su navegador. Si se activa el cifrado SSL o TLS, los datos que nos transmite no pueden ser le\u00eddos por terceros.<\/p>\n<h4>Informaci\u00f3n, bloqueo, eliminaci\u00f3n<\/h4>\n<p>En el marco de las disposiciones legales aplicables, tiene derecho en cualquier momento a obtener informaci\u00f3n gratuita sobre sus datos personales almacenados, su origen y destinatarios y el prop\u00f3sito del procesamiento de datos y, si es necesario, el derecho a la correcci\u00f3n, el bloqueo o la eliminaci\u00f3n de estos datos. Puede ponerse en contacto con nosotros en cualquier momento en la direcci\u00f3n indicada en el pie de imprenta si tiene m\u00e1s preguntas sobre el tema de los datos personales.<\/p>\n<h4>Objeci\u00f3n a correos publicitarios<\/h4>\n<p>Se proh\u00edbe el uso de los datos de contacto publicados en el contexto de la obligaci\u00f3n de impresi\u00f3n para enviar publicidad no solicitada y materiales informativos. Los operadores de las p\u00e1ginas se reservan expresamente el derecho de emprender acciones legales en caso de env\u00edo no solicitado de informaci\u00f3n publicitaria, como correos electr\u00f3nicos no deseados.<\/p>\n<h3>2. Recopilaci\u00f3n de datos en nuestro sitio web<\/h3>\n<h4>Cookies<\/h4>\n<p>Algunas de las p\u00e1ginas de Internet utilizan las llamadas cookies. Las cookies no da\u00f1an su ordenador y no contienen virus. Las cookies sirven para hacer que nuestra oferta sea m\u00e1s f\u00e1cil de usar, efectiva y segura. Las cookies son peque\u00f1os archivos de texto que se almacenan en su ordenador y son almacenados por su navegador.<\/p>\n<p>La mayor\u00eda de las cookies que utilizamos son las llamadas &#8220;cookies de sesi\u00f3n&#8221;. Se eliminan autom\u00e1ticamente al final de su visita. Otras cookies permanecen almacenadas en su dispositivo hasta que las elimine. Estas cookies nos permiten reconocer su navegador en su pr\u00f3xima visita.<\/p>\n<p>Puede configurar su navegador para que se le informe sobre la configuraci\u00f3n de cookies y permitir cookies solo en casos individuales, excluir la aceptaci\u00f3n de cookies para ciertos casos o en general y activar la eliminaci\u00f3n autom\u00e1tica de cookies al cerrar el navegador. La desactivaci\u00f3n de las cookies puede limitar la funcionalidad de este sitio web.<\/p>\n<p>Las cookies necesarias para llevar a cabo el proceso de comunicaci\u00f3n electr\u00f3nica o para proporcionar ciertas funciones deseadas por usted (por ejemplo, la funci\u00f3n del carrito de compras) se almacenan sobre la base del art. 6 p\u00e1rr. 1 lit. El operador del sitio web tiene un inter\u00e9s leg\u00edtimo en el almacenamiento de cookies para la prestaci\u00f3n t\u00e9cnicamente libre de errores y optimizada de sus servicios. En la medida en que se almacenen otras cookies (por ejemplo, cookies para el an\u00e1lisis de su comportamiento de navegaci\u00f3n), estas se tratan por separado en esta declaraci\u00f3n de protecci\u00f3n de datos.<\/p>\n<h4>Archivos de registro del servidor<\/h4>\n<p>El proveedor de las p\u00e1ginas recopila y almacena autom\u00e1ticamente informaci\u00f3n en los llamados archivos de registro del servidor, que su navegador nos transmite autom\u00e1ticamente. Estos son:<\/p>\n<\/p>\n<ul>\n<li><span style=\"color: var(--awb-text-color); font-family: var(--awb-text-font-family); font-size: var(--awb-font-size); font-style: var(--awb-text-font-style); font-weight: var(--awb-text-font-weight); letter-spacing: var(--awb-letter-spacing); text-align: var(--awb-content-alignment); text-transform: var(--awb-text-transform); background-color: var(--awb-bg-color);\">Tipo de navegador\/versi\u00f3n del navegador<\/span><\/li>\n<li>Sistema operativo utilizado<\/li>\n<li>Nombre de host del equipo que accede<\/li>\n<li>Hora de la solicitud del servidor<\/li>\n<\/ul>\n<p>Estos datos no se combinan con otras fuentes de datos. La base para el procesamiento de datos es el art. 6 p\u00e1rr. 1 lit. b GDPR, que permite el procesamiento de datos para el cumplimiento de un contrato o medidas precontractuales.<\/p>\n<h4>Contact<\/h4>\n<p>Si nos env\u00eda consultas a trav\u00e9s del formulario de contacto, almacenaremos sus datos del formulario de consulta, incluidos los datos de contacto que proporcion\u00f3 all\u00ed, con el fin de procesar la consulta y en caso de preguntas de seguimiento. No transmitiremos estos datos sin su consentimiento.<\/p>\n<p>Por lo tanto, el procesamiento de los datos ingresados en el formulario de contacto se lleva a cabo exclusivamente sobre la base de su consentimiento (INAI \u2013 Instituto Nacional de Transparencia, Acceso a la Informaci\u00f3n y Protecci\u00f3n de Datos Personales). Puede revocar este consentimiento en cualquier momento. Para este prop\u00f3sito, un mensaje informal por correo electr\u00f3nico es suficiente. La legalidad de las operaciones de procesamiento de datos realizadas hasta la revocaci\u00f3n no se ve afectada por la revocaci\u00f3n. Los datos introducidos por usted en el formulario de contacto permanecer\u00e1n con nosotros hasta que solicite la eliminaci\u00f3n, revoque su consentimiento para el almacenamiento o el prop\u00f3sito del almacenamiento de datos ya no se aplique (por ejemplo, despu\u00e9s de que se haya procesado su solicitud). Las disposiciones legales obligatorias, en particular los per\u00edodos de retenci\u00f3n, no se ver\u00e1n afectadas.<\/p><\/p>\n<\/div><\/div><\/div><\/div><\/div>","protected":false},"excerpt":{"rendered":"","protected":false},"author":1,"featured_media":0,"parent":0,"menu_order":0,"comment_status":"closed","ping_status":"open","template":"","meta":[],"_links":{"self":[{"href":"https:\/\/psmmexico.mx\/eng\/wp-json\/wp\/v2\/pages\/3"}],"collection":[{"href":"https:\/\/psmmexico.mx\/eng\/wp-json\/wp\/v2\/pages"}],"about":[{"href":"https:\/\/psmmexico.mx\/eng\/wp-json\/wp\/v2\/types\/page"}],"author":[{"embeddable":true,"href":"https:\/\/psmmexico.mx\/eng\/wp-json\/wp\/v2\/users\/1"}],"replies":[{"embeddable":true,"href":"https:\/\/psmmexico.mx\/eng\/wp-json\/wp\/v2\/comments?post=3"}],"version-history":[{"count":3,"href":"https:\/\/psmmexico.mx\/eng\/wp-json\/wp\/v2\/pages\/3\/revisions"}],"predecessor-version":[{"id":1822,"href":"https:\/\/psmmexico.mx\/eng\/wp-json\/wp\/v2\/pages\/3\/revisions\/1822"}],"wp:attachment":[{"href":"https:\/\/psmmexico.mx\/eng\/wp-json\/wp\/v2\/media?parent=3"}],"curies":[{"name":"wp","href":"https:\/\/api.w.org\/{rel}","templated":true}]}}